{"id":38,"date":"2010-02-12T09:03:17","date_gmt":"2010-02-12T20:03:17","guid":{"rendered":"http:\/\/espiritismolivre.com\/?page_id=38"},"modified":"2011-10-27T05:42:41","modified_gmt":"2011-10-27T16:42:41","slug":"autor-funcao-do-site","status":"publish","type":"page","link":"https:\/\/espiritismolivre.com\/?page_id=38","title":{"rendered":"Autor \/ Fun\u00e7\u00e3o do Site"},"content":{"rendered":"<p style=\"text-align: justify;\">O site \u00e9 s\u00f3 um espa\u00e7o para reflex\u00f5es e livre debate, portanto n\u00e3o me pronuncio em nome nenhum. Como n\u00e3o tenho import\u00e2ncia, n\u00e3o preciso me identificar, e se tivesse import\u00e2ncia, tamb\u00e9m n\u00e3o me identificaria para n\u00e3o viciar a leitura. Sou s\u00f3 mais um imperfeito aprendiz tentando aprender junto com todos os que me acompanharem por aqui. Sou pass\u00edvel de erros e de corre\u00e7\u00f5es, que aceitarei com todo prazer.<\/p>\n<p style=\"text-align: justify;\">Aprendi no Livro dos Esp\u00edritos (Allan Kardec) que estamos constantemente sob influ\u00eancia de algum(ns) esp\u00edrito(s). Conforme abaixo:<\/p>\n<p style=\"text-align: justify;\"><strong>459 Os Esp\u00edritos influem sobre nossos pensamentos e a\u00e7\u00f5es?<\/strong><em><br \/>\n\u2013 A esse respeito, sua influ\u00eancia \u00e9 maior do que podeis imaginar. Muitas vezes s\u00e3o eles que vos dirigem.<\/em><br \/>\n<strong><br \/>\n460\u00a0 Temos pensamentos pr\u00f3prios e outros que s\u00e3o sugeridos?<\/strong><br \/>\n<em>\u2013 Vossa alma \u00e9 um Esp\u00edrito que pensa; n\u00e3o ignorais que muitos pensamentos vos ocorrem \u00e0s vezes ao mesmo tempo sobre um mesmo assunto e freq\u00fcentemente bastante contr\u00e1rios uns aos outros; pois bem, nesses pensamentos h\u00e1 sempre os vossos e os nossos. Isso vos coloca na incerteza, porque, ent\u00e3o, tendes duas id\u00e9ias que se combatem.<br \/>\n<\/em><strong><br \/>\n461\u00a0 Como distinguir os pensamentos pr\u00f3prios daqueles que s\u00e3o sugeridos?<\/strong><br \/>\n<em>\u2013 Quando um pensamento \u00e9 sugerido, \u00e9 como uma voz falando. Os pensamentos pr\u00f3prios s\u00e3o em geral os do primeiro momento. Al\u00e9m de tudo, n\u00e3o h\u00e1 para v\u00f3s um grande interesse nessa distin\u00e7\u00e3o e muitas vezes \u00e9 \u00fatil n\u00e3o sab\u00ea-lo: o homem age mais livremente. Se decidir pelo bem, o faz voluntariamente; se tomar o mau caminho, h\u00e1 nisso apenas maior responsabilidade<\/em>.<\/p>\n<p style=\"text-align: justify;\">Portanto vou tentar ser respons\u00e1vel e conto com a contribui\u00e7\u00e3o de todos. Todas as opini\u00f5es s\u00e3o bem vindas e, desde que n\u00e3o sejam de baixo n\u00edvel \/ ofensivas \/ preconceituosas, ser\u00e3o publicadas integralmente.<\/p>\n<p style=\"text-align: justify;\">CONTATO: espiritismolivre@gmail.com<\/p>\n<p style=\"text-align: justify;\">\n<p style=\"text-align: justify;\">\n","protected":false},"excerpt":{"rendered":"<p>O site \u00e9 s\u00f3 um espa\u00e7o para reflex\u00f5es e livre debate, portanto n\u00e3o me pronuncio em nome nenhum. Como n\u00e3o tenho import\u00e2ncia, n\u00e3o preciso me identificar, e se tivesse import\u00e2ncia, tamb\u00e9m n\u00e3o me identificaria para n\u00e3o viciar a leitura. Sou s\u00f3 mais um imperfeito aprendiz tentando aprender junto com todos os que me acompanharem por [&hellip;]<\/p>\n","protected":false},"author":1,"featured_media":0,"parent":0,"menu_order":0,"comment_status":"open","ping_status":"closed","template":"","meta":{"footnotes":""},"_links":{"self":[{"href":"https:\/\/espiritismolivre.com\/index.php?rest_route=\/wp\/v2\/pages\/38"}],"collection":[{"href":"https:\/\/espiritismolivre.com\/index.php?rest_route=\/wp\/v2\/pages"}],"about":[{"href":"https:\/\/espiritismolivre.com\/index.php?rest_route=\/wp\/v2\/types\/page"}],"author":[{"embeddable":true,"href":"https:\/\/espiritismolivre.com\/index.php?rest_route=\/wp\/v2\/users\/1"}],"replies":[{"embeddable":true,"href":"https:\/\/espiritismolivre.com\/index.php?rest_route=%2Fwp%2Fv2%2Fcomments&post=38"}],"version-history":[{"count":7,"href":"https:\/\/espiritismolivre.com\/index.php?rest_route=\/wp\/v2\/pages\/38\/revisions"}],"predecessor-version":[{"id":162,"href":"https:\/\/espiritismolivre.com\/index.php?rest_route=\/wp\/v2\/pages\/38\/revisions\/162"}],"wp:attachment":[{"href":"https:\/\/espiritismolivre.com\/index.php?rest_route=%2Fwp%2Fv2%2Fmedia&parent=38"}],"curies":[{"name":"wp","href":"https:\/\/api.w.org\/{rel}","templated":true}]}}