{"id":284,"date":"2013-02-01T04:19:45","date_gmt":"2013-02-01T15:19:45","guid":{"rendered":"http:\/\/espiritismolivre.com\/?page_id=284"},"modified":"2013-02-01T04:27:06","modified_gmt":"2013-02-01T15:27:06","slug":"a-kardec-o-livro-dos-mediuns","status":"publish","type":"page","link":"https:\/\/espiritismolivre.com\/?page_id=284","title":{"rendered":"A. KARDEC &#8211; O LIVRO DOS M\u00c9DIUNS"},"content":{"rendered":"<p style=\"text-align: justify;\"><span style=\"color: #000000;\">Est\u00e1 p\u00e1gina ser\u00e1 dedicada a um estudo comentado de <strong>&#8220;O Livro dos M\u00e9diuns&#8221;.<\/strong><\/span><\/p>\n<p style=\"text-align: justify;\"><span style=\"color: #000000;\">O original de Kardec estar\u00e1 em fonte normal e os coment\u00e1rios do estudo em <em>It\u00e1lico e <span style=\"color: #3366ff;\">azul.<\/span><\/em><\/span><\/p>\n<p style=\"text-align: justify;\"><span style=\"color: #3366ff;\"><em><span style=\"color: #000000;\">A tradu\u00e7\u00e3o utilizada foi a de Herculano Pires e o texto na \u00edntegra cont\u00e9m inclusive os coment\u00e1rios dele.<\/span><\/em><\/span><\/p>\n<p style=\"text-align: justify;\"><span style=\"color: #000000;\">Qualquer d\u00favida ou sugest\u00e3o, favor encaminhar e-mail para: espiritismolivre@gmail.com<\/span><\/p>\n<p style=\"text-align: justify;\"><span style=\"color: #000000;\">Obrigado!<\/span><\/p>\n","protected":false},"excerpt":{"rendered":"<p>Est\u00e1 p\u00e1gina ser\u00e1 dedicada a um estudo comentado de &#8220;O Livro dos M\u00e9diuns&#8221;. O original de Kardec estar\u00e1 em fonte normal e os coment\u00e1rios do estudo em It\u00e1lico e azul. A tradu\u00e7\u00e3o utilizada foi a de Herculano Pires e o texto na \u00edntegra cont\u00e9m inclusive os coment\u00e1rios dele. Qualquer d\u00favida ou sugest\u00e3o, favor encaminhar e-mail [&hellip;]<\/p>\n","protected":false},"author":1,"featured_media":0,"parent":233,"menu_order":0,"comment_status":"open","ping_status":"closed","template":"","meta":{"footnotes":""},"_links":{"self":[{"href":"https:\/\/espiritismolivre.com\/index.php?rest_route=\/wp\/v2\/pages\/284"}],"collection":[{"href":"https:\/\/espiritismolivre.com\/index.php?rest_route=\/wp\/v2\/pages"}],"about":[{"href":"https:\/\/espiritismolivre.com\/index.php?rest_route=\/wp\/v2\/types\/page"}],"author":[{"embeddable":true,"href":"https:\/\/espiritismolivre.com\/index.php?rest_route=\/wp\/v2\/users\/1"}],"replies":[{"embeddable":true,"href":"https:\/\/espiritismolivre.com\/index.php?rest_route=%2Fwp%2Fv2%2Fcomments&post=284"}],"version-history":[{"count":3,"href":"https:\/\/espiritismolivre.com\/index.php?rest_route=\/wp\/v2\/pages\/284\/revisions"}],"predecessor-version":[{"id":290,"href":"https:\/\/espiritismolivre.com\/index.php?rest_route=\/wp\/v2\/pages\/284\/revisions\/290"}],"up":[{"embeddable":true,"href":"https:\/\/espiritismolivre.com\/index.php?rest_route=\/wp\/v2\/pages\/233"}],"wp:attachment":[{"href":"https:\/\/espiritismolivre.com\/index.php?rest_route=%2Fwp%2Fv2%2Fmedia&parent=284"}],"curies":[{"name":"wp","href":"https:\/\/api.w.org\/{rel}","templated":true}]}}