{"id":253,"date":"2012-11-07T04:46:38","date_gmt":"2012-11-07T15:46:38","guid":{"rendered":"http:\/\/espiritismolivre.com\/?page_id=253"},"modified":"2012-11-07T04:46:38","modified_gmt":"2012-11-07T15:46:38","slug":"01-reforma-intima-caminho-e-principios","status":"publish","type":"page","link":"https:\/\/espiritismolivre.com\/?page_id=253","title":{"rendered":"01 &#8211; REFORMA \u00cdNTIMA &#8211; CAMINHO E PRINC\u00cdPIOS"},"content":{"rendered":"<p style=\"text-align: justify;\"><strong>O CONHECIMENTO DE SI MESMO E A REFORMA \u00cdNTIMA.<\/strong><\/p>\n<p style=\"text-align: justify;\"><strong> <\/strong><\/p>\n<p style=\"text-align: justify;\">\n<p style=\"text-align: justify;\">Os Esp\u00edritos s\u00e3o muito claros nas li\u00e7\u00f5es relativas \u00e0 reforma \u00edntima. Ela deve ser constantemente buscada. Todos sabemos o significado pr\u00e1tico, que \u00e9 o de melhora e aperfei\u00e7oamento de nossas m\u00e1s qualidades. H\u00e1bitos melhores, pensamentos melhores, a\u00e7\u00f5es melhores, enfim, a eterna busca pela perfei\u00e7\u00e3o que ainda \u00e9 incapaz de se concretizar no ser humano.<\/p>\n<p style=\"text-align: justify;\">Em diversas obras, especialmente as de Andr\u00e9 Luiz, temos os relatos de car\u00e1ter pr\u00e1tico em situa\u00e7\u00f5es cotidianas de encarnados e desencarnados, sobre o mecanismo funcional da justi\u00e7a divina e suas consequ\u00eancias.\u00a0 A reforma \u00e9 o \u00f3leo lubrificante das engrenagens de um destino melhor criado por n\u00f3s mesmos.<\/p>\n<p style=\"text-align: justify;\">Emmanuel narrou com maestria a hist\u00f3ria de Paulo &amp; Estev\u00e3o, quando o primeiro, ainda Saulo, era um nobre doutor da lei mosaica, s\u00e1bio para sua \u00e9poca e para seus costumes, mas que foi dragado por uma trama em que se viu vil\u00e3o de seus h\u00e1bitos e costumes, sendo um exemplo vivo de como a vontade e as a\u00e7\u00f5es qualificam a reforma \u00edntima. Quando j\u00e1 era Paulo de Tarso, sofreu muito, mas se depurou de forma admir\u00e1vel, ainda muito distante para n\u00f3s.<\/p>\n<p style=\"text-align: justify;\">Andr\u00e9 Luiz traz a Doutrina para seu foco pr\u00e1tico e de funcionamento, enquanto Emmanuel assinala em suas obras o aspecto moral e sua import\u00e2ncia. O conjunto destes autores forma o que seria um \u201cguia para reforma \u00edntima\u201d.\u00a0 Eis o porque de t\u00e3o importante para um aprendiz Esp\u00edrita, estudar com profundidade e paci\u00eancia. N\u00e3o se trata de quem estuda mais ou termina antes, mas daquele que tem humildade de reler v\u00e1rias vezes e adquirir novos entendimentos, que sabe que at\u00e9 o final de sua encarna\u00e7\u00e3o, poder\u00e1 adquirir pouco mais do que uma fra\u00e7\u00e3o da verdade.<\/p>\n<p style=\"text-align: justify;\">Internalizar o Consolador prometido j\u00e1 \u00e9 uma vit\u00f3ria, tentar aprender atrav\u00e9s de estudos s\u00e9rios, \u00e9 um passo importante.<\/p>\n<p style=\"text-align: justify;\">Com isso em mente, busquei o entendimento, atrav\u00e9s da Doutrina, de onde dever\u00edamos come\u00e7ar. Segue ent\u00e3o pequeno trecho do Livro dos Esp\u00edritos, e depois um coment\u00e1rio do pr\u00f3prio Emmanuel sobre esse trecho. Ningu\u00e9m poderia expor melhor do\u00a0 que Kardec, Emmanuel e Santo Agostinho, sempre amparados por Jesus.<\/p>\n<p style=\"text-align: justify;\">\n<p style=\"text-align: justify;\"><strong> <\/strong><\/p>\n<p style=\"text-align: justify;\"><strong> <\/strong><\/p>\n<p style=\"text-align: justify;\"><strong>O LIVRO DOS ESP\u00cdRITOS<\/strong><\/p>\n<p style=\"text-align: justify;\"><strong> <\/strong><\/p>\n<p style=\"text-align: justify;\"><strong>V \u2013 CONHECIMENTO DE SI MESMO<\/strong><\/p>\n<p style=\"text-align: justify;\">919. Qual o meio pr\u00e1tico mais eficaz para se melhorar nesta vida e resistir ao arrastamento do mal?<\/p>\n<p style=\"text-align: justify;\"><em>\u2013 Um s\u00e1bio da Antiguidade vos disse: <strong>\u201cConhece-te a ti mesmo\u201d.<\/strong><\/em><\/p>\n<p style=\"text-align: justify;\">919-a. Compreendemos toda a sabedoria dessa m\u00e1xima, mas a dificuldade est\u00e1 precisamente em se conhecer a si pr\u00f3prio. Qual o meio de chegar a isso?<\/p>\n<p style=\"text-align: justify;\"><em>\u2013 Fazei o que eu fazia quando vivi na Terra: no fim de cada dia interrogava a minha consci\u00eancia, passava em revista o que havia feito e me perguntava a mim mesmo se n\u00e3o tinha faltado ao cumprimento de algum dever, se ningu\u00e9m teria tido motivo para se queixar de mim. Foi assim que cheguei a me conhecer e ver o que em mim necessitava de reforma. Aquele que todas as noites lembrasse todas as suas a\u00e7\u00f5es do dia e se perguntasse o que fez de bem ou de mal, pedindo a Deus e ao seu anjo guardi\u00e3o que o esclarecessem, adquiriria uma grande for\u00e7a para se aperfei\u00e7oar, porque, acreditai-me, Deus o assistir\u00e1. Formulai, portanto, as vossas perguntas, indagai o que fizestes e com que fito agistes em determinada circunst\u00e2ncia, se fizestes alguma coisa que censurar\u00edeis nos outros, se praticastes uma a\u00e7\u00e3o que n\u00e3o ousar\u00edeis confessar. Perguntai ainda isto: Se aprouvesse a Deus chamar-me neste momento, ao entrar no mundo dos Esp\u00edritos, onde nada \u00e9 oculto, teria eu de temer o olhar de algu\u00e9m? Examinai o que pud\u00e9sseis ter feito contra Deus, depois contra o pr\u00f3ximo e por fim contra v\u00f3s mesmos. As respostas ser\u00e3o motivo de repouso para vossa consci\u00eancia ou indicar\u00e3o um mal que deve ser curado.<\/em><\/p>\n<p style=\"text-align: justify;\"><em>O conhecimento de si mesmo \u00e9 portanto a chave do melhoramento individual. Mas, direis, como julgar a si mesmo? N\u00e3o se ter\u00e1 a ilus\u00e3o do amor-pr\u00f3prio, que atenua as faltas e as torna desculp\u00e1veis? O avaro se julga simplesmente econ\u00f4mico e previdente, o orgulhoso se considera t\u00e3o somente cheio de dignidade. Tudo isso \u00e9 muito certo, mas tendes um meio de controle que n\u00e3o vos pode enganar. Quando estais indecisos quanto ao valor de uma de vossas a\u00e7\u00f5es, perguntai como a qualificar\u00edeis se tivesse sido praticada por outra pessoa. Se a censurardes em outros, ela n\u00e3o poderia ser mais leg\u00edtima para v\u00f3s, porque Deus n\u00e3o usa de duas medidas para a justi\u00e7a. Procurai tamb\u00e9m saber o que pensam os outros e n\u00e3o negligencieis a opini\u00e3o dos vossos inimigos, porque eles n\u00e3o t\u00eam nenhum interesse em disfar\u00e7ar a verdade e geralmente Deus os colocou ao vosso lado como um espelho, para vos advertirem com mais franqueza do que o faria um amigo. Que aquele que tem a verdadeira vontade de se melhorar explore, portanto, a sua consci\u00eancia, a fim de arrancar dali as m\u00e1s tend\u00eancias como arranca as ervas daninhas do seu jardim; que fa\u00e7a o balan\u00e7o da sua jornada moral como o negociante o faz dos seus lucros e perdas, e eu vos asseguro que o primeiro ser\u00e1 mais proveitoso que o outro. Se ele puder dizer que a sua jornada foi boa, pode dormir em paz e esperar sem temor o despertar na outra vida.<\/em><\/p>\n<p style=\"text-align: justify;\"><em>Formulai, portanto, perguntas claras e precisas e n\u00e3o temais multiplic\u00e1-las: pode-se muito bem consagrar alguns minutos \u00e0 conquista da felicidade eterna. N\u00e3o trabalhais todos os dias para ajuntar o que vos d\u00ea repouso na velhice? Esse repouso n\u00e3o e o objeto de todos os vossos desejos, o alvo que vos permite sofrer as fadigas e as priva\u00e7\u00f5es passageiras? Pois bem: o que \u00e9 esse repouso de alguns dias, perturbado pelas enfermidades do corpo, ao lado daquilo que aguarda o homem de bem? Isto n\u00e3o vale a pena de alguns esfor\u00e7os? Sei que muitos dizem que o presente \u00e9 positivo e o futuro incerto. Ora, a\u00ed est\u00e1, precisamente, o pensamento que fomos encarregados de destruir em vossas mentes, pois desejamos fazer-vos compreender esse futuro de maneira a que nenhuma d\u00favida possa restar em vossa alma. Foi por isso que chamamos primeiro a vossa aten\u00e7\u00e3o para os fen\u00f4menos da Natureza que vos tocam os sentidos e depois vos demos instru\u00e7\u00f5es que cada um de v\u00f3s tem o dever de difundir. Foi com esse prop\u00f3sito que ditamos O livro dos Esp\u00edritos.<\/em><\/p>\n<p style=\"text-align: justify;\"><em> <\/em><\/p>\n<p style=\"text-align: justify;\"><em>Santo Agostinho<\/em><\/p>\n<p style=\"text-align: justify;\"><strong><em> <\/em><\/strong><\/p>\n<p style=\"text-align: justify;\"><strong><em>[observa\u00e7\u00e3o de Kardec]<\/em><\/strong><\/p>\n<p style=\"text-align: justify;\"><strong><em>Muitas faltas que cometemos nos passam despercebidas. Se, com efeito, seguindo o conselho de Santo Agostinho, interrog\u00e1ssemos mais frequentemente a nossa consci\u00eancia, ver\u00edamos quantas vezes \u00a0falimos sem disso nos apercebermos, por n\u00e3o perscrutarmos a natureza e o m\u00f3vel dos nossos atos. A forma interrogativa tem alguma coisa de mais preciso do que uma m\u00e1xima que em geral n\u00e3o aplicamos a n\u00f3s mesmos. Ela exige respostas categ\u00f3ricas, por um sim ou um n\u00e3o, que n\u00e3o deixam lugar a alternativas: respostas que s\u00e3o outros tantos argumentos pessoais, pela soma das quais podemos computar a soma do bem e do mal que existe em n\u00f3s<\/em><\/strong><\/p>\n<p style=\"text-align: justify;\"><strong><em> <\/em><\/strong><\/p>\n<p style=\"text-align: justify;\"><strong><em>_________________________\u00a0\u00a0\u00a0 __________________________\u00a0\u00a0 ___________________________<\/em><\/strong><\/p>\n<p style=\"text-align: justify;\"><strong><em> <\/em><\/strong><\/p>\n<p style=\"text-align: justify;\"><strong><span style=\"text-decoration: underline;\"> <\/span><\/strong><\/p>\n<p style=\"text-align: justify;\"><strong><span style=\"text-decoration: underline;\">OPINI\u00c3O ESP\u00cdRITA<\/span><\/strong><\/p>\n<p style=\"text-align: justify;\">(Obra Psicografada por Chico Xavier e Waldo Vieira, ditada por Emmanuel e Andr\u00e9 Luiz).<\/p>\n<p style=\"text-align: justify;\">Livro dos Esp\u00edritos &#8211; Quest\u00e3o 919<\/p>\n<p style=\"text-align: justify;\">1 \u2013 EXAMINEMOS A N\u00d3S MESMO<\/p>\n<p style=\"text-align: justify;\">O dever do esp\u00edrita-crist\u00e3o \u00e9 tornar-se progressivamente melhor.<\/p>\n<p style=\"text-align: justify;\">\u00datil, assim, verificar, de quando em quando, com rigoroso exame pessoal, a nossa verdadeira situa\u00e7\u00e3o \u00edntima.<\/p>\n<p style=\"text-align: justify;\">Esp\u00edrita que n\u00e3o progride durante tr\u00eas anos sucessivos permanece estacion\u00e1rio. Testa a paci\u00eancia pr\u00f3pria: &#8211; Est\u00e1s mais calmo, af\u00e1vel e compreensivo? Inquire as tuas rela\u00e7\u00f5es na experi\u00eancia dom\u00e9stica: &#8211; Conquistaste mais alto clima de paz dentro de casa?<\/p>\n<p style=\"text-align: justify;\">Investiga as atividades que te competem no templo doutrin\u00e1rio: &#8211; Colaboras com mais euforia na seara do Senhor?<\/p>\n<p style=\"text-align: justify;\">Observa-te nas manifesta\u00e7\u00f5es perante os amigos: &#8211; Trazes o Evangelho mais vivo nas atitudes?<\/p>\n<p style=\"text-align: justify;\">Reflete em tua capacidade de sacrif\u00edcio: &#8211; Notas em ti mesmo mais ampla disposi\u00e7\u00e3o de servir voluntariamente?<\/p>\n<p style=\"text-align: justify;\">Pesquisa o pr\u00f3prio desapego: &#8211; Andas um pouco mais livre do anseio de influ\u00eancia e de posses terrestres?<\/p>\n<p style=\"text-align: justify;\">Usas mais intensamente os pronomes &#8220;nos&#8221;, &#8220;nosso&#8221; e &#8220;nossa&#8221; e menos os determinativos &#8220;eu&#8221;, &#8220;meu&#8221; e &#8220;minha&#8221;?<\/p>\n<p style=\"text-align: justify;\">Teus instantes de tristeza ou de c\u00f3lera surda, \u00e0s vezes t\u00e3o conhecidos somente por ti, est\u00e3o presentemente mais raros?<\/p>\n<p style=\"text-align: justify;\">Diminu\u00edram-te os pequenos remorsos ocultos no recesso da alma? Dissipaste antigos desafetos e avers\u00f5es? Superastes os lapsos cr\u00f4nicos de desaten\u00e7\u00e3o e neglig\u00eancia? Estudas mais profundamente a Doutrina que professas?<\/p>\n<p style=\"text-align: justify;\">Entendes melhor a fun\u00e7\u00e3o da dor? Ainda cultivas alguma discreta desaven\u00e7a? Auxilias aos necessitados com mais abnega\u00e7\u00e3o?<\/p>\n<p style=\"text-align: justify;\">Tens orado realmente?<\/p>\n<p style=\"text-align: justify;\">Teus ideais evolu\u00edram?<\/p>\n<p style=\"text-align: justify;\">Tua f\u00e9 raciocinada consolidou-se com mais seguran\u00e7a?<\/p>\n<p style=\"text-align: justify;\">Tens o verbo mais indulgente, os bra\u00e7os mais ativos e as m\u00e3os mais aben\u00e7oadoras?<\/p>\n<p style=\"text-align: justify;\">Evangelho \u00e9 alegria no cora\u00e7\u00e3o: &#8211; Est\u00e1s, de fato, mais alegre e feliz intimamente, nestes tr\u00eas \u00faltimos anos?<\/p>\n<p style=\"text-align: justify;\">Tudo caminha! Tudo evolui! Confiramos o nosso rendimento individual com o Cristo!<\/p>\n<p style=\"text-align: justify;\">Sopesa a exist\u00eancia hoje, espontaneamente, em regime de paz, para que te n\u00e3o vejas na obriga\u00e7\u00e3o de sopes\u00e1-la amanh\u00e3 sob o impacto da dor.<\/p>\n<p style=\"text-align: justify;\">N\u00e3o te iludas! Um dia que se foi \u00e9 mais uma cota de responsabilidade, mais um passo rumo \u00e0 Vida Espiritual, mais uma oportunidade valorizada ou perdida.<\/p>\n<p style=\"text-align: justify;\">Interroga a consci\u00eancia quanto \u00e0 utilidade que vens dando ao tempo, \u00e0 sa\u00fade e aos ensejos de fazer o bem que desfrutas na vida di\u00e1ria.<\/p>\n<p style=\"text-align: justify;\">Faze isso agora, enquanto te vales do corpo humano, com a possibilidade de reconsiderar diretrizes e desfazer enganos facilmente, pois, quando passares para o lado de c\u00e1, muita vez, j\u00e1 ser\u00e1 mais dif\u00edcil&#8230;<\/p>\n<p style=\"text-align: justify;\"><strong><em>_________________________\u00a0\u00a0\u00a0 __________________________\u00a0\u00a0 ___________________________<\/em><\/strong><\/p>\n<p style=\"text-align: justify;\">\n<p style=\"text-align: justify;\">\n","protected":false},"excerpt":{"rendered":"<p>O CONHECIMENTO DE SI MESMO E A REFORMA \u00cdNTIMA. Os Esp\u00edritos s\u00e3o muito claros nas li\u00e7\u00f5es relativas \u00e0 reforma \u00edntima. Ela deve ser constantemente buscada. Todos sabemos o significado pr\u00e1tico, que \u00e9 o de melhora e aperfei\u00e7oamento de nossas m\u00e1s qualidades. H\u00e1bitos melhores, pensamentos melhores, a\u00e7\u00f5es melhores, enfim, a eterna busca pela perfei\u00e7\u00e3o que ainda [&hellip;]<\/p>\n","protected":false},"author":1,"featured_media":0,"parent":251,"menu_order":0,"comment_status":"open","ping_status":"closed","template":"","meta":{"footnotes":""},"_links":{"self":[{"href":"https:\/\/espiritismolivre.com\/index.php?rest_route=\/wp\/v2\/pages\/253"}],"collection":[{"href":"https:\/\/espiritismolivre.com\/index.php?rest_route=\/wp\/v2\/pages"}],"about":[{"href":"https:\/\/espiritismolivre.com\/index.php?rest_route=\/wp\/v2\/types\/page"}],"author":[{"embeddable":true,"href":"https:\/\/espiritismolivre.com\/index.php?rest_route=\/wp\/v2\/users\/1"}],"replies":[{"embeddable":true,"href":"https:\/\/espiritismolivre.com\/index.php?rest_route=%2Fwp%2Fv2%2Fcomments&post=253"}],"version-history":[{"count":1,"href":"https:\/\/espiritismolivre.com\/index.php?rest_route=\/wp\/v2\/pages\/253\/revisions"}],"predecessor-version":[{"id":254,"href":"https:\/\/espiritismolivre.com\/index.php?rest_route=\/wp\/v2\/pages\/253\/revisions\/254"}],"up":[{"embeddable":true,"href":"https:\/\/espiritismolivre.com\/index.php?rest_route=\/wp\/v2\/pages\/251"}],"wp:attachment":[{"href":"https:\/\/espiritismolivre.com\/index.php?rest_route=%2Fwp%2Fv2%2Fmedia&parent=253"}],"curies":[{"name":"wp","href":"https:\/\/api.w.org\/{rel}","templated":true}]}}