{"id":251,"date":"2012-11-07T04:43:36","date_gmt":"2012-11-07T15:43:36","guid":{"rendered":"http:\/\/espiritismolivre.com\/?page_id=251"},"modified":"2012-11-07T04:43:36","modified_gmt":"2012-11-07T15:43:36","slug":"reforma-intima","status":"publish","type":"page","link":"https:\/\/espiritismolivre.com\/?page_id=251","title":{"rendered":"REFORMA \u00cdNTIMA"},"content":{"rendered":"<p>Nesta \u00e1rea estar\u00e3o as p\u00e1ginas que englobam o estudo da Reforma \u00cdntima.<\/p>\n<p>Encontrar\u00e1 aqui cita\u00e7\u00f5es e resumos de obras afins com o tema.<\/p>\n<p>Enfim, \u00e9 a busca de toda a encarna\u00e7\u00e3o. Estou longe de ating\u00ed-la, mas tentar \u00e9 sempre v\u00e1lido.<\/p>\n","protected":false},"excerpt":{"rendered":"<p>Nesta \u00e1rea estar\u00e3o as p\u00e1ginas que englobam o estudo da Reforma \u00cdntima. Encontrar\u00e1 aqui cita\u00e7\u00f5es e resumos de obras afins com o tema. Enfim, \u00e9 a busca de toda a encarna\u00e7\u00e3o. Estou longe de ating\u00ed-la, mas tentar \u00e9 sempre v\u00e1lido.<\/p>\n","protected":false},"author":1,"featured_media":0,"parent":0,"menu_order":0,"comment_status":"open","ping_status":"closed","template":"","meta":{"footnotes":""},"_links":{"self":[{"href":"https:\/\/espiritismolivre.com\/index.php?rest_route=\/wp\/v2\/pages\/251"}],"collection":[{"href":"https:\/\/espiritismolivre.com\/index.php?rest_route=\/wp\/v2\/pages"}],"about":[{"href":"https:\/\/espiritismolivre.com\/index.php?rest_route=\/wp\/v2\/types\/page"}],"author":[{"embeddable":true,"href":"https:\/\/espiritismolivre.com\/index.php?rest_route=\/wp\/v2\/users\/1"}],"replies":[{"embeddable":true,"href":"https:\/\/espiritismolivre.com\/index.php?rest_route=%2Fwp%2Fv2%2Fcomments&post=251"}],"version-history":[{"count":1,"href":"https:\/\/espiritismolivre.com\/index.php?rest_route=\/wp\/v2\/pages\/251\/revisions"}],"predecessor-version":[{"id":252,"href":"https:\/\/espiritismolivre.com\/index.php?rest_route=\/wp\/v2\/pages\/251\/revisions\/252"}],"wp:attachment":[{"href":"https:\/\/espiritismolivre.com\/index.php?rest_route=%2Fwp%2Fv2%2Fmedia&parent=251"}],"curies":[{"name":"wp","href":"https:\/\/api.w.org\/{rel}","templated":true}]}}