{"id":233,"date":"2012-10-02T07:12:44","date_gmt":"2012-10-02T18:12:44","guid":{"rendered":"http:\/\/espiritismolivre.com\/?page_id=233"},"modified":"2012-10-02T07:12:44","modified_gmt":"2012-10-02T18:12:44","slug":"estudos","status":"publish","type":"page","link":"https:\/\/espiritismolivre.com\/?page_id=233","title":{"rendered":"ESTUDOS"},"content":{"rendered":"<p style=\"text-align: justify;\">Nesta se\u00e7\u00e3o, incluirei estudos diversos da Doutrina. S\u00e3o estudos feitos por mim, mas que podem ser livremente utilizados se lhes forem \u00fatil em algo.<\/p>\n<p style=\"text-align: justify;\">Qualquer sugest\u00e3o ou troca de informa\u00e7\u00f5es, favor enviar e-mail para:<\/p>\n<p style=\"text-align: justify;\">espiritismolivre@gmail.com<\/p>\n<p style=\"text-align: justify;\">Obrigado !<\/p>\n","protected":false},"excerpt":{"rendered":"<p>Nesta se\u00e7\u00e3o, incluirei estudos diversos da Doutrina. S\u00e3o estudos feitos por mim, mas que podem ser livremente utilizados se lhes forem \u00fatil em algo. Qualquer sugest\u00e3o ou troca de informa\u00e7\u00f5es, favor enviar e-mail para: espiritismolivre@gmail.com Obrigado !<\/p>\n","protected":false},"author":1,"featured_media":0,"parent":0,"menu_order":0,"comment_status":"open","ping_status":"closed","template":"","meta":{"footnotes":""},"_links":{"self":[{"href":"https:\/\/espiritismolivre.com\/index.php?rest_route=\/wp\/v2\/pages\/233"}],"collection":[{"href":"https:\/\/espiritismolivre.com\/index.php?rest_route=\/wp\/v2\/pages"}],"about":[{"href":"https:\/\/espiritismolivre.com\/index.php?rest_route=\/wp\/v2\/types\/page"}],"author":[{"embeddable":true,"href":"https:\/\/espiritismolivre.com\/index.php?rest_route=\/wp\/v2\/users\/1"}],"replies":[{"embeddable":true,"href":"https:\/\/espiritismolivre.com\/index.php?rest_route=%2Fwp%2Fv2%2Fcomments&post=233"}],"version-history":[{"count":1,"href":"https:\/\/espiritismolivre.com\/index.php?rest_route=\/wp\/v2\/pages\/233\/revisions"}],"predecessor-version":[{"id":234,"href":"https:\/\/espiritismolivre.com\/index.php?rest_route=\/wp\/v2\/pages\/233\/revisions\/234"}],"wp:attachment":[{"href":"https:\/\/espiritismolivre.com\/index.php?rest_route=%2Fwp%2Fv2%2Fmedia&parent=233"}],"curies":[{"name":"wp","href":"https:\/\/api.w.org\/{rel}","templated":true}]}}