{"id":223,"date":"2012-09-30T08:33:32","date_gmt":"2012-09-30T19:33:32","guid":{"rendered":"http:\/\/espiritismolivre.com\/?page_id=223"},"modified":"2013-12-18T00:52:20","modified_gmt":"2013-12-18T11:52:20","slug":"leon-denis-%e2%80%93-o-problema-do-ser-do-destino-e-da-dor-%e2%80%93-parte-2","status":"publish","type":"page","link":"https:\/\/espiritismolivre.com\/?page_id=223","title":{"rendered":"L\u00c9ON DENIS \u2013 O PROBLEMA DO SER, DO DESTINO E DA DOR \u2013 DOWNLOAD RESUMO"},"content":{"rendered":"<p style=\"text-align: justify;\"><em><span style=\"color: #3366ff;\">O Resumo abaixo \u00e9 de minha autoria e utiliza cita\u00e7\u00f5es de obras que est\u00e3o colocadas durante o texto. Optei por Microsoft Word para permitir edi\u00e7\u00e3o, sele\u00e7\u00e3o, copiar e colar, etc. O uso \u00e9 p\u00fablico e autoria cedida \u00e0 qualquer prop\u00f3sito nobre em que possa ser utilizado o resumo.<\/span><\/em><\/p>\n<p style=\"text-align: justify;\">\n<p style=\"text-align: justify;\"><em><span style=\"color: #3366ff;\"><br \/>\n<\/span><\/em><\/p>\n<p style=\"text-align: justify;\"><a href=\"http:\/\/espiritismolivre.com\/wp-content\/uploads\/2012\/09\/Estudo-Leon-Denis-O-Problema-do-Ser-do-Destino-e-da-Dor.docx\">Estudo Leon Denis &#8211; O Problema do Ser, do Destino e da Dor<\/a><\/p>\n<p style=\"text-align: justify;\">\n<p style=\"text-align: justify;\">\n<p style=\"text-align: justify;\">\n<p style=\"text-align: justify;\">\n<p style=\"text-align: justify;\">\n<p style=\"text-align: justify;\">\n<p style=\"text-align: justify;\"><em><span style=\"color: #3366ff;\">Pe\u00e7o enviar sugest\u00f5es \/ Corre\u00e7\u00f5es \/ Adendos para \u2013 espiritismolivre@gmail.com<\/span><\/em><\/p>\n<p style=\"text-align: justify;\">\n","protected":false},"excerpt":{"rendered":"<p>O Resumo abaixo \u00e9 de minha autoria e utiliza cita\u00e7\u00f5es de obras que est\u00e3o colocadas durante o texto. Optei por Microsoft Word para permitir edi\u00e7\u00e3o, sele\u00e7\u00e3o, copiar e colar, etc. O uso \u00e9 p\u00fablico e autoria cedida \u00e0 qualquer prop\u00f3sito nobre em que possa ser utilizado o resumo. Estudo Leon Denis &#8211; O Problema do [&hellip;]<\/p>\n","protected":false},"author":1,"featured_media":0,"parent":233,"menu_order":0,"comment_status":"open","ping_status":"closed","template":"","meta":{"footnotes":""},"_links":{"self":[{"href":"https:\/\/espiritismolivre.com\/index.php?rest_route=\/wp\/v2\/pages\/223"}],"collection":[{"href":"https:\/\/espiritismolivre.com\/index.php?rest_route=\/wp\/v2\/pages"}],"about":[{"href":"https:\/\/espiritismolivre.com\/index.php?rest_route=\/wp\/v2\/types\/page"}],"author":[{"embeddable":true,"href":"https:\/\/espiritismolivre.com\/index.php?rest_route=\/wp\/v2\/users\/1"}],"replies":[{"embeddable":true,"href":"https:\/\/espiritismolivre.com\/index.php?rest_route=%2Fwp%2Fv2%2Fcomments&post=223"}],"version-history":[{"count":7,"href":"https:\/\/espiritismolivre.com\/index.php?rest_route=\/wp\/v2\/pages\/223\/revisions"}],"predecessor-version":[{"id":326,"href":"https:\/\/espiritismolivre.com\/index.php?rest_route=\/wp\/v2\/pages\/223\/revisions\/326"}],"up":[{"embeddable":true,"href":"https:\/\/espiritismolivre.com\/index.php?rest_route=\/wp\/v2\/pages\/233"}],"wp:attachment":[{"href":"https:\/\/espiritismolivre.com\/index.php?rest_route=%2Fwp%2Fv2%2Fmedia&parent=223"}],"curies":[{"name":"wp","href":"https:\/\/api.w.org\/{rel}","templated":true}]}}